{"id":54,"date":"2016-08-02T05:40:08","date_gmt":"2016-08-02T05:40:08","guid":{"rendered":"http:\/\/planet27.eu\/?page_id=54"},"modified":"2022-08-19T08:41:12","modified_gmt":"2022-08-19T05:41:12","slug":"narva-lapsed","status":"publish","type":"page","link":"https:\/\/planet27.eu\/?page_id=54&lang=et","title":{"rendered":"Narva Lapsed"},"content":{"rendered":"<h3><a href=\"https:\/\/www.facebook.com\/profile.php?id=100011503865661\"><img decoding=\"async\" class=\"alignnone size-full wp-image-154\" src=\"http:\/\/planet27.eu\/wp-content\/uploads\/2016\/08\/fblittle.jpg\" alt=\"fblittle\" width=\"77\" height=\"27\"><\/a>&nbsp; &nbsp; Projekt&nbsp;<span style=\"color: #333399;\">Narva Lapsed <\/span><\/h3>\n<p>Kuna meie organisatsioon on \u00fcsna noor, meie tegevus \u201ePlaneet 27\u201c-raames on algetapil. Me oleme Facebook\u00b4is blogg\u00b4i asutajad \u2013 projekt \u201eNarva Lapsed\u201c.<\/p>\n<p>Loodud blogg\u00b4i eesm\u00e4rgiks oli liita mitte\u00fcksk\u00f5ikseid inimesi \u00fchenduseks, mis v\u00f5iks m\u00e4\u00e4ratud probleemide ja k\u00fcsimuste k\u00e4sitlemise kaudu arutada ja toetada erinevaid initsiatiive, osutatud abi vajavate laste toetamisele.<\/p>\n<p>https:\/\/www.facebook.com\/profile.php?id=100011503865661<\/p>\n<p>Projekti \u201eNarva Lapsed\u201c raames oli korraldatud annetuskogu Narva-J\u00f5esuu SOS Lastek\u00fcla jaoks. Eesm\u00e4rgiks oli ruumide piiratud v\u00f5imalustega lastele remondi teostamine. See oli meie esimene omasarnane kogemus ning Lastek\u00fcla t\u00f6\u00f6tajate s\u00f5nul kogutud rahasumma oli \u00fcle ootuste suur. Me korraldasime annetuskogu erivajadustega inimestele abiseadmestiku paigaldamiseks keskuse Vitatiim peakontoris. Me viisime l\u00e4bi avaliku k\u00fcsitluse meie linnas kiikede&nbsp; paigaldamise vajalikkusest &nbsp;piiratud v\u00f5imalustega lastele. Narvas ei ole m\u00e4nguv\u00e4ljakut piiratud v\u00f5imalustega laste jaoks. Me arutasime k\u00fcsimust m\u00e4nguv\u00e4ljaku piiratud v\u00f5imalustega laste jaoks&nbsp; paigaldamisest meie linnas. Meil lubati arvestada seda vajalikkust j\u00e4rgmise aasta eelarve koostamisel. See ei ole meie ainus tegevusesuund. Meil on samuti koost\u00f6\u00f6kogemus&nbsp; Maanteeameti ja Narva Liikluspolitseiga. Selle tegevuse tulemuseks sai tehtud meiega filmide sari, p\u00fchendatud liiklusohutusele. Projekti idee on \u00fchiskonna t\u00e4helepanu p\u00f6\u00f6ramine k\u00fcsimusele autojuhtide ja jalak\u00e4ijate liiklusohutusest.<\/p>\n<p>Selles suunas t\u00f6\u00f6 pole l\u00f5petatud. Antud projektist v\u00f5tavad osa nii tavalised vabatahtlikud inimesed kui ka piiratud v\u00f5imalustega inimesed.<\/p>\n<p><span style=\"font-size: 1em;\">.<\/span><\/p>\n","protected":false},"excerpt":{"rendered":"<p>&nbsp; &nbsp; Projekt&nbsp;Narva Lapsed Kuna meie organisatsioon on \u00fcsna noor, meie tegevus \u201ePlaneet 27\u201c-raames on algetapil. Me oleme Facebook\u00b4is blogg\u00b4i asutajad \u2013 projekt \u201eNarva Lapsed\u201c. Loodud blogg\u00b4i eesm\u00e4rgiks oli liita mitte\u00fcksk\u00f5ikseid inimesi \u00fchenduseks, mis v\u00f5iks m\u00e4\u00e4ratud probleemide ja k\u00fcsimuste k\u00e4sitlemise kaudu arutada ja toetada erinevaid initsiatiive, osutatud abi vajavate laste toetamisele. https:\/\/www.facebook.com\/profile.php?id=100011503865661 Projekti \u201eNarva Lapsed\u201c&#8230;<\/p>\n","protected":false},"author":1,"featured_media":0,"parent":45,"menu_order":10,"comment_status":"closed","ping_status":"closed","template":"","meta":{"ngg_post_thumbnail":0,"footnotes":""},"_links":{"self":[{"href":"https:\/\/planet27.eu\/index.php?rest_route=\/wp\/v2\/pages\/54"}],"collection":[{"href":"https:\/\/planet27.eu\/index.php?rest_route=\/wp\/v2\/pages"}],"about":[{"href":"https:\/\/planet27.eu\/index.php?rest_route=\/wp\/v2\/types\/page"}],"author":[{"embeddable":true,"href":"https:\/\/planet27.eu\/index.php?rest_route=\/wp\/v2\/users\/1"}],"replies":[{"embeddable":true,"href":"https:\/\/planet27.eu\/index.php?rest_route=%2Fwp%2Fv2%2Fcomments&post=54"}],"version-history":[{"count":5,"href":"https:\/\/planet27.eu\/index.php?rest_route=\/wp\/v2\/pages\/54\/revisions"}],"predecessor-version":[{"id":12048,"href":"https:\/\/planet27.eu\/index.php?rest_route=\/wp\/v2\/pages\/54\/revisions\/12048"}],"up":[{"embeddable":true,"href":"https:\/\/planet27.eu\/index.php?rest_route=\/wp\/v2\/pages\/45"}],"wp:attachment":[{"href":"https:\/\/planet27.eu\/index.php?rest_route=%2Fwp%2Fv2%2Fmedia&parent=54"}],"curies":[{"name":"wp","href":"https:\/\/api.w.org\/{rel}","templated":true}]}}