{"id":260,"date":"2016-08-10T06:35:13","date_gmt":"2016-08-10T06:35:13","guid":{"rendered":"http:\/\/planet27.eu\/?page_id=260"},"modified":"2019-09-27T14:05:27","modified_gmt":"2019-09-27T12:05:27","slug":"liiklus-ohutus","status":"publish","type":"page","link":"https:\/\/planet27.eu\/?page_id=260&lang=et","title":{"rendered":"LIIKLUS OHUTUS"},"content":{"rendered":"<p>Alustasime selle projektiga soovida juhtida t\u00e4helepanu hooletu k\u00e4itumisega teedel jalak\u00e4ijate seas, eriti noorte puhul. Samuti tahame motiveerida autojuhte olema ettevaatlikud teedel. K\u00f5ik meie teemad on kokku lepitud Narva mnt politsei b\u00fcroos. Liikluspolitseinikud on pakkunud meile abi. T\u00e4nu Alexander Urb&#8217;ile ja nende toetusele.&nbsp; Tema positiivse hinnangu projektile- meid toetada ja teadlikkust teemast. Projektis osalevad vabatahtlikud. T\u00f6\u00f6 projekti peal pole veel l\u00f5petatud. Media sektsioonis te saate vaadata need videot.<\/p>\n","protected":false},"excerpt":{"rendered":"<p>Alustasime selle projektiga soovida juhtida t\u00e4helepanu hooletu k\u00e4itumisega teedel jalak\u00e4ijate seas, eriti noorte puhul. Samuti tahame motiveerida autojuhte olema ettevaatlikud teedel. K\u00f5ik meie teemad on kokku lepitud Narva mnt politsei b\u00fcroos. Liikluspolitseinikud on pakkunud meile abi. T\u00e4nu Alexander Urb&#8217;ile ja nende toetusele.&nbsp; Tema positiivse hinnangu projektile- meid toetada ja teadlikkust teemast. Projektis osalevad vabatahtlikud. T\u00f6\u00f6&#8230;<\/p>\n","protected":false},"author":1,"featured_media":0,"parent":45,"menu_order":9,"comment_status":"closed","ping_status":"closed","template":"","meta":{"ngg_post_thumbnail":0,"footnotes":""},"_links":{"self":[{"href":"https:\/\/planet27.eu\/index.php?rest_route=\/wp\/v2\/pages\/260"}],"collection":[{"href":"https:\/\/planet27.eu\/index.php?rest_route=\/wp\/v2\/pages"}],"about":[{"href":"https:\/\/planet27.eu\/index.php?rest_route=\/wp\/v2\/types\/page"}],"author":[{"embeddable":true,"href":"https:\/\/planet27.eu\/index.php?rest_route=\/wp\/v2\/users\/1"}],"replies":[{"embeddable":true,"href":"https:\/\/planet27.eu\/index.php?rest_route=%2Fwp%2Fv2%2Fcomments&post=260"}],"version-history":[{"count":5,"href":"https:\/\/planet27.eu\/index.php?rest_route=\/wp\/v2\/pages\/260\/revisions"}],"predecessor-version":[{"id":4601,"href":"https:\/\/planet27.eu\/index.php?rest_route=\/wp\/v2\/pages\/260\/revisions\/4601"}],"up":[{"embeddable":true,"href":"https:\/\/planet27.eu\/index.php?rest_route=\/wp\/v2\/pages\/45"}],"wp:attachment":[{"href":"https:\/\/planet27.eu\/index.php?rest_route=%2Fwp%2Fv2%2Fmedia&parent=260"}],"curies":[{"name":"wp","href":"https:\/\/api.w.org\/{rel}","templated":true}]}}