{"id":12801,"date":"2024-07-13T14:16:37","date_gmt":"2024-07-13T11:16:37","guid":{"rendered":"https:\/\/www.planet27.eu\/?page_id=12801"},"modified":"2024-07-13T14:17:20","modified_gmt":"2024-07-13T11:17:20","slug":"%d1%83%d1%81%d1%82%d0%b0%d0%b2-2","status":"publish","type":"page","link":"https:\/\/planet27.eu\/?page_id=12801&lang=ru","title":{"rendered":"\u0423\u0441\u0442\u0430\u0432"},"content":{"rendered":"\t\t<div data-elementor-type=\"wp-page\" data-elementor-id=\"12801\" class=\"elementor elementor-12801\">\n\t\t\t\t\t\t<section class=\"elementor-section elementor-top-section elementor-element elementor-element-4208550 elementor-section-boxed elementor-section-height-default elementor-section-height-default\" data-id=\"4208550\" data-element_type=\"section\">\n\t\t\t\t\t\t<div class=\"elementor-container elementor-column-gap-default\">\n\t\t\t\t\t<div class=\"elementor-column elementor-col-100 elementor-top-column elementor-element elementor-element-3d60085\" data-id=\"3d60085\" data-element_type=\"column\">\n\t\t\t<div class=\"elementor-widget-wrap elementor-element-populated\">\n\t\t\t\t\t\t<div class=\"elementor-element elementor-element-5794b45 elementor-widget elementor-widget-text-editor\" data-id=\"5794b45\" data-element_type=\"widget\" data-widget_type=\"text-editor.default\">\n\t\t\t\t<div class=\"elementor-widget-container\">\n\t\t\t\t\t\t\t\t\t<p>P\u00f5hikiri.<br \/>\u00dclds\u00e4tted<br \/>1. Mittetulundus\u00fchingu (edasi \u00fching) nimi on Mittetulundus\u00fching Planet 27<br \/>2. Mittetulundus\u00fchingu asukoht on Narva linn, Eesti Vabariik<br \/>3. \u00dching on iseseisev juriidiline isik, mil on oma p\u00f5hikiri, juhatus, personal, vara ja vahendid<br \/>4. \u00dchingul v\u00f5ib olla oma embleem ja muu s\u00fcmboolika<br \/>Eesm\u00e4rgid<br \/>1. \u00dchingu eesm\u00e4rgiks on elukeskkonda arendamine Ida-Virumaal, Eestis ja rahvusvahelisel tasemel.<br \/>2. \u00dchingu eesm\u00e4rgi saavutamiseks toimub:<br \/>&#8211; \u00dcrituste, koolituste, seminaride, konverentside, keelekursuste ja<br \/>Huvitegevuse korraldamine;<br \/>&#8211; Koolitusteenuste pakkumine, sh noortele ja noorsoot\u00f6\u00f6tajatele;<br \/>&#8211; N\u00f5ustamine;<br \/>&#8211; Projektijuhtimisteenused;<br \/>&#8211; IT teenused (sh meedia teenused);<br \/>&#8211; Rahvusvaheline koost\u00f6\u00f6;<br \/>&#8211; Tr\u00fcki-, t\u00f5lke-, majutus-, transpordi- ja cateringteenuste pakkumine;<br \/>&#8211; Arendab muud \u00fchingu eesm\u00e4rgi saavutamiseks vajalikku tegevus.<br \/>&#8211; Videofilmi valmistamine<br \/>&#8211; Heategevus ja sellega seotud tegevused<br \/>&#8211; Tegevus sotsiaalvaldkonnas ja sellega seotud tegevused<br \/>\u00dchingu liikmed<br \/>1. \u00dchingu liikmeks v\u00f5ib astuda iga f\u00fc\u00fcsiline isik, kes on n\u00f5us j\u00e4rgima \u00fchingu p\u00f5hikirja<br \/>2. \u00dchingu liikmeks astumiseks esitab isik juhatusele avalduse kirjalikus vormis<br \/>3. \u00dchingu liikmel on \u00f5igus:<br \/>&#8211; osaleda etten\u00e4htud korras \u00fchingu tegevuses;<br \/>&#8211; saada etten\u00e4htud korras \u00fchingult toetust ning abi;<br \/>&#8211; osaleda etten\u00e4htud korras \u00fchingu korraldatud \u00fcritustel ja l\u00e4biviidavates projektides;<br \/>&#8211; olla valitud \u00fchingu juhtorganitesse;<br \/>&#8211; olla informeeritud \u00fchingu juhtorganite tegevusest;<br \/>&#8211; esitada \u00fchingu juhatusele proteste juhtorganite tegevuse kohta;<br \/>&#8211; avaldada \u00fchingu juhtorganitele umbusaldust;<br \/>&#8211; juhatuse volitusel esindada \u00fchingut \u00fcritustel;<br \/>&#8211; teha ettepanekuid \u00fchingu tegevuse arendamiseks ja t\u00f5hustamiseks;<br \/>&#8211; kasutada etten\u00e4htud korras \u00fchingu vara ja s\u00fcmboolikat<br \/>\u00dchingu liige on kohustatud:<br \/>1. j\u00e4rgima \u00fchingu p\u00f5hikirja ja juhatuse m\u00e4\u00e4rusi ning otsuseid;<br \/>2. t\u00e4itma endale v\u00f5etud \u00fchinguga seotud kohustusi;<br \/>3. otstarbekalt kasutama ja hoidma \u00fchingu vara;<br \/>4. vajadusel esindama \u00fchingut ning esindajategevusest \u00fcld- v\u00f5i juhatuse koosolekul aru andma;<br \/>5. informeerima juhatust v\u00e4hemalt 14 p\u00e4eva eelnevalt oma liikmestaatuse peatamisest. <br \/>\u00dchingu liikme v\u00e4ljaastumine ja v\u00e4ljaarvamine<br \/>1. \u00dchingu liikme staatuse ennet\u00e4htaegse peatamise kohta teeb otsuse juhatus.<br \/>2. Liige tagandatakse juhul kui:<br \/>&#8211; juhatus rahuldab liikme vastu esitatud umbusaldusavalduse;<br \/>&#8211; juhatus rahuldab liikme avalduse tema liikmestaatuse l\u00f5petamise kohta. 3.<br \/>Liige v\u00f5ib n\u00f5uda v\u00e4ljaarvamise otsustamist \u00fcldkoosolekul.<br \/>\u00dcldkoosoleku p\u00e4devus<br \/>1. \u00dchingu k\u00f5rgem organ on \u00fchingu \u00fcldkoosolek.<br \/>2. \u00dcldkoosoleku p\u00e4devuses on: &#8211;<br \/>p\u00f5hikirja muutmine;<br \/>&#8211; eesm\u00e4rgi muutmine;<br \/>&#8211; \u00fchingu arengukava kinnitamine; &#8211;<br \/>juhatuse liikmete m\u00e4\u00e4ramine;<br \/>&#8211; juhatuse v\u00f5i muu organi liikmega tehingu tegemise v\u00f5i tema vastu n\u00f5ude esitamise otsustamine ja<br \/>selles tehingus v\u00f5i n\u00f5udes mittetulundus\u00fchingu esindaja m\u00e4\u00e4ramine; &#8211;<br \/>\u00fchingu tegevuse l\u00f5petamine.<br \/>3. \u00dcldkoosoleku otsused on \u00fclimuslikud juhatuse otsuste suhtes.<br \/>\u00dcldkoosoleku kokkukutsumine<br \/>1. \u00dchingu \u00fcldkoosoleku kutsub kokku juhatus v\u00e4hemalt \u00fcks kord aastas.<br \/>2. Juhatus peab \u00fcldkoosoleku kokku kutsuma: &#8211;<br \/>majandusaasta aruande kinnitamiseks,<br \/>&#8211; juhatuse koosseisu m\u00e4\u00e4ramiseks,<br \/>&#8211; kui seda n\u00f5uab kirjalikult ja p\u00f5hjust n\u00e4idates v\u00e4hemalt 1\/10 \u00fchingu liikmetest v\u00f5i \u00fcks juhatuse liige,<br \/>&#8211; muudel juhtudel, kui \u00fchingu huvid seda n\u00f5uavad.<br \/>3. \u00dcldkoosoleku kokkukutsumisest peab ette teatama v\u00e4hemalt seitse p\u00e4eva.<br \/>\u00dcldkoosoleku l\u00e4biviimine ja otsuste vastuv\u00f5tmine<br \/>1. \u00dcldkoosolek on otsusv\u00f5imeline, kui kohal on \u00fcle poole \u00fchingu liikmetest v\u00f5i nende esindajatest.<br \/>Juhul, kui \u00fcldkoosolekul ei osale n\u00f5utav arv liikmeid, kutsub juhatus kolme n\u00e4dala jooksul kokku sama<br \/>p\u00e4evakorraga uue \u00fcldkoosoleku. Uus \u00fcldkoosolek on p\u00e4dev vastu v\u00f5tma otsuseid s\u00f5ltumata<br \/>\u00fcldkoosolekul osalevate liikmete arvust.<br \/>2. \u00dcldkoosoleku otsus on vastu v\u00f5etud, kui selle poolt h\u00e4\u00e4letab \u00fcle poole koosolekul osalenud<br \/>\u00fchingu liikmetest v\u00f5i nende esindajatest, v\u00e4lja arvatud k\u00e4esoleva paragrahvi l\u00f5ikes 3 ja 4 s\u00e4testatud<br \/>juhtudel.<br \/>3. \u00dchingu p\u00f5hikirja muutmisotsus on vastu v\u00f5etud, kui selle poolt on h\u00e4\u00e4letanud \u00fcle 2\/3<br \/>\u00fcldkoosolekus osalenud liikmetest v\u00f5i nende esindajatest.<br \/>4. P\u00f5hikirjas etten\u00e4htud \u00fchingu eesm\u00e4rgi muutmiseks on vaja v\u00e4hemalt 9\/10 liikmete n\u00f5usolek.<br \/>Muutmist otsustanud \u00fcldkoosolekul mitteosalenud liikme n\u00f5usolek peab olema esitatud kirjalikult. <br \/>JUHATUS<br \/>Juhatuse m\u00f5iste<br \/>1. Juhatus on v\u00e4hemalt \u00fcheliikmeline (juhataja) \u00fchingu k\u00f5rgeim t\u00e4idesaatev organ, mille valib<br \/>\u00fcldkoosolek kaheks kalendriaastateks. Juhatuses ei tohi olla rohkem kui kolm liiget.<br \/>2. Juhatusse v\u00f5ib kandideerida iga \u00fchingu liige.<br \/>3. Juhatus on aruandekohustuslik \u00fcldkoosoleku ees.<br \/>4. Juhatuse t\u00f6\u00f6d juhatab esimees, keda valib juhatus. Juhatuse aseesimeest m\u00e4\u00e4rab esimees.<br \/>Juhatuse p\u00e4devus<br \/>Juhatuse p\u00e4devusse kuulub:<br \/>1. \u00fchingu jooksva t\u00f6\u00f6 koordineerimine;<br \/>2. t\u00f6\u00f6r\u00fchmade moodustamine ja nende juhtide m\u00e4\u00e4ramine;<br \/>3. \u00fcldkoosoleku kokku kutsumine;<br \/>4. \u00fchingu tegevuskava v\u00e4lja t\u00f6\u00f6tamine;<br \/>5. eelarve kinnitamine ja t\u00e4itmise kontrollimine;<br \/>6. avalikkussuhete korraldamine;<br \/>7. \u00fchingu siseinfo liikumise eest hoolitsemine;<br \/>8. laekunud taotluste arutamine ja lahendamine;<br \/>9. \u00fchingu vara haldamine;<br \/>10. \u00fchingu p\u00f5hikirja ja juhtorganite otsuste t\u00e4itmise kontrollimine;<br \/>11. \u00fchingu andmebaasi koostamine ja haldamine;<br \/>12. projektijuhtide kinnitamine;<br \/>13. erinevatesse institutsioonidesse ja \u00fcritustele delegaatide kinnitamine;<br \/>14. all\u00fcksuste moodustamise otsustamine;<br \/>15. \u00fchingu liikmekandidaatide liikmeks saamise ja liikme liikmeksoleku l\u00f5petamise otsustamine.<br \/>Juhatuse kokkukutsumine ja koosoleku l\u00e4biviimine<br \/>1. Juhatuse kutsub kokku juhatuse esimees v\u00f5i tema \u00e4raolekul aseesimees.<br \/>2. Juhatuse koosolekut juhib juhatuse esimees v\u00f5i tema \u00e4raolekul aseesimees.<br \/>3. Juhatus v\u00f5ib vastu v\u00f5tta otsuseid, kui koosolekul osaleb \u00fcle poole juhatuse liikmetest.<br \/>4. Juhatuse otsused v\u00f5etakse vastu kohalolijate poolth\u00e4\u00e4lteenamusega. H\u00e4\u00e4lte v\u00f5rdse jagunemise korral<br \/>on otsustav juhatuse esimehe h\u00e4\u00e4l.<br \/>5. Juhatuse liige ei v\u00f5i osaleda h\u00e4\u00e4letamisel, kui otsustatakse temaga v\u00f5i temaga v\u00f5rdset<br \/>majandushuvi omava isikuga tehingu tegemist, temaga kohtuvaidluse alustamist v\u00f5i l\u00f5petamist<br \/>\u00fchingu poolt.<br \/>Juhatuse esindus\u00f5igus<br \/>1. Juhatust ja \u00fchingut esindab ning tegevust koordineerib juhatuse esimees.<br \/>2. Juhatuse liige ei v\u00f5i oma kohustuste t\u00e4itmise panna kolmandale isikule.<br \/>3. \u00dchingut esindab \u00f5igustoimingutes juhatuse esimees (\u00fche allkirjaga). <br \/>TEGEVUSE L\u00d5PETAMINE<br \/>Tegevuse l\u00f5petamise kord<br \/>1. \u00dchingu tegevuse l\u00f5petamise otsustab \u00fcldkoosolek. Otsus on vastu v\u00f5etud, kui selle poolt on<br \/>h\u00e4\u00e4letanud \u00fcle 2\/3 \u00fcldkoosolekul osalenud v\u00f5i esindatud liikmetest.<br \/>2. \u00dchingu tegevuse l\u00f5petamisel moodustab \u00fcldkoosolek likvideerimiskomisjoni ning m\u00e4\u00e4rab selle<br \/>t\u00f6\u00f6korra.<br \/>3. \u00dcldkoosolek kinnitab likvideerimiskomisjoni t\u00f6\u00f6tulemused ja otsustab k\u00f5igi n\u00f5uete<br \/>rahuldamise<br \/>j\u00e4rel allesj\u00e4\u00e4nud vara jaotamise p\u00f5hikirja j\u00e4rgi selleks volitatud isikute vahel.<br \/>4. \u00dchingu l\u00f5petamise korral antakse p\u00e4rast v\u00f5lausaldajate n\u00f5uete rahuldamist alles j\u00e4\u00e4nud vara \u00fcle<br \/>tulumaksusoodustusega nimekirja kantud \u00fchingule v\u00f5i avalik-\u00f5iguslikule juriidilisele isikule.<\/p>\t\t\t\t\t\t\t\t<\/div>\n\t\t\t\t<\/div>\n\t\t\t\t\t<\/div>\n\t\t<\/div>\n\t\t\t\t\t<\/div>\n\t\t<\/section>\n\t\t\t\t<\/div>\n\t\t","protected":false},"excerpt":{"rendered":"","protected":false},"author":1,"featured_media":0,"parent":11815,"menu_order":2,"comment_status":"closed","ping_status":"closed","template":"","meta":{"ngg_post_thumbnail":0,"footnotes":""},"_links":{"self":[{"href":"https:\/\/planet27.eu\/index.php?rest_route=\/wp\/v2\/pages\/12801"}],"collection":[{"href":"https:\/\/planet27.eu\/index.php?rest_route=\/wp\/v2\/pages"}],"about":[{"href":"https:\/\/planet27.eu\/index.php?rest_route=\/wp\/v2\/types\/page"}],"author":[{"embeddable":true,"href":"https:\/\/planet27.eu\/index.php?rest_route=\/wp\/v2\/users\/1"}],"replies":[{"embeddable":true,"href":"https:\/\/planet27.eu\/index.php?rest_route=%2Fwp%2Fv2%2Fcomments&post=12801"}],"version-history":[{"count":2,"href":"https:\/\/planet27.eu\/index.php?rest_route=\/wp\/v2\/pages\/12801\/revisions"}],"predecessor-version":[{"id":12803,"href":"https:\/\/planet27.eu\/index.php?rest_route=\/wp\/v2\/pages\/12801\/revisions\/12803"}],"up":[{"embeddable":true,"href":"https:\/\/planet27.eu\/index.php?rest_route=\/wp\/v2\/pages\/11815"}],"wp:attachment":[{"href":"https:\/\/planet27.eu\/index.php?rest_route=%2Fwp%2Fv2%2Fmedia&parent=12801"}],"curies":[{"name":"wp","href":"https:\/\/api.w.org\/{rel}","templated":true}]}}