{"id":12752,"date":"2024-07-13T13:46:01","date_gmt":"2024-07-13T10:46:01","guid":{"rendered":"https:\/\/www.planet27.eu\/?page_id=12752"},"modified":"2024-07-13T13:48:14","modified_gmt":"2024-07-13T10:48:14","slug":"kirjatus-fin","status":"publish","type":"page","link":"https:\/\/planet27.eu\/?page_id=12752&lang=et","title":{"rendered":"Kirjatus"},"content":{"rendered":"\t\t<div data-elementor-type=\"wp-page\" data-elementor-id=\"12752\" class=\"elementor elementor-12752\">\n\t\t\t\t\t\t<section class=\"elementor-section elementor-top-section elementor-element elementor-element-30c9f20 elementor-section-boxed elementor-section-height-default elementor-section-height-default\" data-id=\"30c9f20\" data-element_type=\"section\">\n\t\t\t\t\t\t<div class=\"elementor-container elementor-column-gap-default\">\n\t\t\t\t\t<div class=\"elementor-column elementor-col-100 elementor-top-column elementor-element elementor-element-1333e1a\" data-id=\"1333e1a\" data-element_type=\"column\">\n\t\t\t<div class=\"elementor-widget-wrap elementor-element-populated\">\n\t\t\t\t\t\t<div class=\"elementor-element elementor-element-8d7e406 elementor-widget elementor-widget-text-editor\" data-id=\"8d7e406\" data-element_type=\"widget\" data-widget_type=\"text-editor.default\">\n\t\t\t\t<div class=\"elementor-widget-container\">\n\t\t\t\t\t\t\t\t\t<p><strong>Oma kirjastuse loomine: sammud ja p\u00f5hjused<\/strong>\u00a0<strong>Kaasaegsed lugemistrendid<\/strong>\u00a0<\/p><p>Kaasaegne lugemismaailm on oluliselt muutumas digitaliseerimise ja elustiili muutuste m\u00f5jul. M\u00f5nes riigis on lugemishuvi v\u00e4henemas. N\u00e4iteks Ameerika \u00dchendriikides langes t\u00e4iskasvanute osakaal, kes loevad kirjandust, 1982. aastal 57%-lt 2015. aastaks 43%-le. Sotsiaalne ebav\u00f5rdsus piirab ligip\u00e4\u00e4su raamatutele v\u00e4hemkindlustatud perede lastel. Noored eelistavad \u00fcha enam digitaalset sisu. Siiski on riike, kus huvi raamatute lugemise vastu j\u00e4\u00e4b k\u00f5rgeks.<\/p><p>Raamatute ja tr\u00fckiste kulutuste osas Euroopa Liidu riikide seas juhib Slovakkia, kus raamatutele kulutatakse kodanike aastatulust 1,9%. Rootsis on PIRLS-i uuringu andmetel lugemine populaarne vaba aja veetmise viis k\u00f5igi vanuser\u00fchmade seas. Aastal 2022 luges 34,1% itaallastest vanemad kui kuus aastat tr\u00fckitud raamatuid, mis n\u00e4itab k\u00f5rget lugemistaseme Itaalias. Eesti on neljandal kohal Euroopa riikide seas raamatute, ajalehtede ja kontoritarvete kulutustes, kulutades nende kategooriate jaoks 1,2% sissetulekust.<\/p><blockquote><p><strong>Miks otsustasime luua oma kirjastuse<\/strong>\u00a0<\/p><\/blockquote><p>Otsustasime luua oma kirjastuse mitmel p\u00f5hjusel:<\/p><p><strong>Kontroll avaldamisprotsessi \u00fcle:<\/strong>\u00a0Kogu protsessi juhtimine alates kaanekujunduse valikust kuni turunduse ja levitamiseni v\u00f5imaldab s\u00e4ilitada loomingulise kontrolli ja visioonilise l\u00e4henemise igas aspektis.<\/p><p><strong>Sihtgrupi vajaduste m\u00f5istmine:<\/strong>\u00a0Sihtgrupi uurimine aitab luua n\u00f5udlusele vastava toote, mis kajastab lugejate huve ja vajadusi.<\/p><p><strong>Unikaalse br\u00e4ndi loomine:<\/strong>\u00a0V\u00f5imalus luua br\u00e4nd, mis eristub konkurentidest ja mis k\u00f5ige olulisem, peegeldab kirjastuse missiooni ja v\u00e4\u00e4rtusi.<\/p><p>Me oleme avatud algajatele autoritele, kes vajavad abi oma loomingulise t\u00f6\u00f6 kirjastamisel.<\/p>\t\t\t\t\t\t\t\t<\/div>\n\t\t\t\t<\/div>\n\t\t\t\t\t<\/div>\n\t\t<\/div>\n\t\t\t\t\t<\/div>\n\t\t<\/section>\n\t\t\t\t<\/div>\n\t\t","protected":false},"excerpt":{"rendered":"<p>Oma kirjastuse loomine: sammud ja p\u00f5hjused\u00a0Kaasaegsed lugemistrendid\u00a0 Kaasaegne lugemismaailm on oluliselt muutumas digitaliseerimise ja elustiili muutuste m\u00f5jul. M\u00f5nes riigis on lugemishuvi v\u00e4henemas. N\u00e4iteks Ameerika \u00dchendriikides langes t\u00e4iskasvanute osakaal, kes loevad kirjandust, 1982. aastal 57%-lt 2015. aastaks 43%-le. Sotsiaalne ebav\u00f5rdsus piirab ligip\u00e4\u00e4su raamatutele v\u00e4hemkindlustatud perede lastel. Noored eelistavad \u00fcha enam digitaalset sisu. Siiski on riike, kus&#8230;<\/p>\n","protected":false},"author":1,"featured_media":0,"parent":0,"menu_order":2,"comment_status":"closed","ping_status":"closed","template":"","meta":{"ngg_post_thumbnail":0,"footnotes":""},"_links":{"self":[{"href":"https:\/\/planet27.eu\/index.php?rest_route=\/wp\/v2\/pages\/12752"}],"collection":[{"href":"https:\/\/planet27.eu\/index.php?rest_route=\/wp\/v2\/pages"}],"about":[{"href":"https:\/\/planet27.eu\/index.php?rest_route=\/wp\/v2\/types\/page"}],"author":[{"embeddable":true,"href":"https:\/\/planet27.eu\/index.php?rest_route=\/wp\/v2\/users\/1"}],"replies":[{"embeddable":true,"href":"https:\/\/planet27.eu\/index.php?rest_route=%2Fwp%2Fv2%2Fcomments&post=12752"}],"version-history":[{"count":5,"href":"https:\/\/planet27.eu\/index.php?rest_route=\/wp\/v2\/pages\/12752\/revisions"}],"predecessor-version":[{"id":12759,"href":"https:\/\/planet27.eu\/index.php?rest_route=\/wp\/v2\/pages\/12752\/revisions\/12759"}],"wp:attachment":[{"href":"https:\/\/planet27.eu\/index.php?rest_route=%2Fwp%2Fv2%2Fmedia&parent=12752"}],"curies":[{"name":"wp","href":"https:\/\/api.w.org\/{rel}","templated":true}]}}