{"id":12043,"date":"2022-08-19T08:36:25","date_gmt":"2022-08-19T05:36:25","guid":{"rendered":"https:\/\/planet27.eu\/?page_id=12043"},"modified":"2024-07-13T14:37:05","modified_gmt":"2024-07-13T11:37:05","slug":"ecous","status":"publish","type":"page","link":"https:\/\/planet27.eu\/?page_id=12043&lang=et","title":{"rendered":"EcoUS"},"content":{"rendered":"\t\t<div data-elementor-type=\"wp-page\" data-elementor-id=\"12043\" class=\"elementor elementor-12043\">\n\t\t\t\t\t\t<section class=\"elementor-section elementor-top-section elementor-element elementor-element-8cf0b53 elementor-section-boxed elementor-section-height-default elementor-section-height-default\" data-id=\"8cf0b53\" data-element_type=\"section\">\n\t\t\t\t\t\t<div class=\"elementor-container elementor-column-gap-default\">\n\t\t\t\t\t<div class=\"elementor-column elementor-col-100 elementor-top-column elementor-element elementor-element-4b6a27a\" data-id=\"4b6a27a\" data-element_type=\"column\">\n\t\t\t<div class=\"elementor-widget-wrap elementor-element-populated\">\n\t\t\t\t\t\t<section class=\"elementor-section elementor-inner-section elementor-element elementor-element-07fba48 elementor-section-boxed elementor-section-height-default elementor-section-height-default\" data-id=\"07fba48\" data-element_type=\"section\">\n\t\t\t\t\t\t<div class=\"elementor-container elementor-column-gap-default\">\n\t\t\t\t\t<div class=\"elementor-column elementor-col-100 elementor-inner-column elementor-element elementor-element-4ba8d51\" data-id=\"4ba8d51\" data-element_type=\"column\">\n\t\t\t<div class=\"elementor-widget-wrap elementor-element-populated\">\n\t\t\t\t\t\t<div class=\"elementor-element elementor-element-a60c656 elementor-widget elementor-widget-image\" data-id=\"a60c656\" data-element_type=\"widget\" data-widget_type=\"image.default\">\n\t\t\t\t<div class=\"elementor-widget-container\">\n\t\t\t\t\t\t\t\t\t\t\t\t\t\t\t\t<a href=\"http:\/\/planet27.eu\/wp-content\/uploads\/2020\/03\/74872256_1021520564856913_2190591667814268928_n.jpg\" data-elementor-open-lightbox=\"yes\" data-elementor-lightbox-title=\"74872256_1021520564856913_2190591667814268928_n\" data-e-action-hash=\"#elementor-action%3Aaction%3Dlightbox%26settings%3DeyJpZCI6NzY3NywidXJsIjoiaHR0cHM6XC9cL3BsYW5ldDI3LmV1XC93cC1jb250ZW50XC91cGxvYWRzXC8yMDIwXC8wM1wvNzQ4NzIyNTZfMTAyMTUyMDU2NDg1NjkxM18yMTkwNTkxNjY3ODE0MjY4OTI4X24uanBnIn0%3D\">\n\t\t\t\t\t\t\t<img fetchpriority=\"high\" decoding=\"async\" width=\"640\" height=\"480\" src=\"https:\/\/planet27.eu\/wp-content\/uploads\/2020\/03\/74872256_1021520564856913_2190591667814268928_n.jpg\" class=\"attachment-large size-large wp-image-7677\" alt=\"\" srcset=\"https:\/\/planet27.eu\/wp-content\/uploads\/2020\/03\/74872256_1021520564856913_2190591667814268928_n.jpg 960w, https:\/\/planet27.eu\/wp-content\/uploads\/2020\/03\/74872256_1021520564856913_2190591667814268928_n-300x225.jpg 300w, https:\/\/planet27.eu\/wp-content\/uploads\/2020\/03\/74872256_1021520564856913_2190591667814268928_n-768x576.jpg 768w, https:\/\/planet27.eu\/wp-content\/uploads\/2020\/03\/74872256_1021520564856913_2190591667814268928_n-850x638.jpg 850w, https:\/\/planet27.eu\/wp-content\/uploads\/2020\/03\/74872256_1021520564856913_2190591667814268928_n-480x360.jpg 480w, https:\/\/planet27.eu\/wp-content\/uploads\/2020\/03\/74872256_1021520564856913_2190591667814268928_n-600x450.jpg 600w, https:\/\/planet27.eu\/wp-content\/uploads\/2020\/03\/74872256_1021520564856913_2190591667814268928_n-800x600.jpg 800w\" sizes=\"(max-width: 640px) 100vw, 640px\" data-wp-pid=\"7677\" \/>\t\t\t\t\t\t\t\t<\/a>\n\t\t\t\t\t\t\t\t\t\t\t\t\t\t\t<\/div>\n\t\t\t\t<\/div>\n\t\t\t\t<div class=\"elementor-element elementor-element-4d00fd8 elementor-widget elementor-widget-text-editor\" data-id=\"4d00fd8\" data-element_type=\"widget\" data-widget_type=\"text-editor.default\">\n\t\t\t\t<div class=\"elementor-widget-container\">\n\t\t\t\t\t\t\t\t\t<p>T\u00e4iuslik noortevahetus EcoCultureOf us (ECOus) toimus Rahvusvahelises Skautide Keskuses Rustavis 18.-26.10. Oli 8 toredat p\u00e4eva. Kohal oli neli vinget meeskonda Portugalist, Gruusiast, T\u00fcrgist ja Eestist. Projektiidee sai teoks t\u00e4nu #TatjanaZenovale ja seda rahastas #ErasmusPlus. Peame \u00fctlema SUUR AIT\u00c4H Gruusia meeskond #YouthAssosiationDRONI ettevalmistamise ja k\u00fclalislahkuse eest.<br \/>Selle projekti raames osalejad:<br \/>&#8211; paranenud kuvand keskkonnas\u00f5braliku elu olulisusest<br \/>-t\u00e4iustanud oma v\u00f5tmep\u00e4devusi<br \/>&#8211; paranenud \u00f5pitulemused<br \/>-t\u00f5usnud kultuuridevaheline teadlikkus<br \/>-t\u00f5endasid oma kodanikupositsiooni ja osalesid aktiivsemalt \u00fchiskonnaelus<\/p><p>T\u00e4name k\u00f5iki poisse, ISCRi t\u00f6\u00f6tajaid ja eriti meeskonnajuhte toetuse ja noortevahetuse ettevalmistamise eest.<\/p><p>J\u00e4tkub &#8230;<\/p>\t\t\t\t\t\t\t\t<\/div>\n\t\t\t\t<\/div>\n\t\t\t\t\t<\/div>\n\t\t<\/div>\n\t\t\t\t\t<\/div>\n\t\t<\/section>\n\t\t\t\t\t<\/div>\n\t\t<\/div>\n\t\t\t\t\t<\/div>\n\t\t<\/section>\n\t\t\t\t<\/div>\n\t\t","protected":false},"excerpt":{"rendered":"<p>T\u00e4iuslik noortevahetus EcoCultureOf us (ECOus) toimus Rahvusvahelises Skautide Keskuses Rustavis 18.-26.10. Oli 8 toredat p\u00e4eva. Kohal oli neli vinget meeskonda Portugalist, Gruusiast, T\u00fcrgist ja Eestist. Projektiidee sai teoks t\u00e4nu #TatjanaZenovale ja seda rahastas #ErasmusPlus. Peame \u00fctlema SUUR AIT\u00c4H Gruusia meeskond #YouthAssosiationDRONI ettevalmistamise ja k\u00fclalislahkuse eest.Selle projekti raames osalejad:&#8211; paranenud kuvand keskkonnas\u00f5braliku elu olulisusest-t\u00e4iustanud oma v\u00f5tmep\u00e4devusi&#8211;&#8230;<\/p>\n","protected":false},"author":1,"featured_media":0,"parent":12471,"menu_order":2,"comment_status":"closed","ping_status":"closed","template":"","meta":{"ngg_post_thumbnail":0,"footnotes":""},"_links":{"self":[{"href":"https:\/\/planet27.eu\/index.php?rest_route=\/wp\/v2\/pages\/12043"}],"collection":[{"href":"https:\/\/planet27.eu\/index.php?rest_route=\/wp\/v2\/pages"}],"about":[{"href":"https:\/\/planet27.eu\/index.php?rest_route=\/wp\/v2\/types\/page"}],"author":[{"embeddable":true,"href":"https:\/\/planet27.eu\/index.php?rest_route=\/wp\/v2\/users\/1"}],"replies":[{"embeddable":true,"href":"https:\/\/planet27.eu\/index.php?rest_route=%2Fwp%2Fv2%2Fcomments&post=12043"}],"version-history":[{"count":5,"href":"https:\/\/planet27.eu\/index.php?rest_route=\/wp\/v2\/pages\/12043\/revisions"}],"predecessor-version":[{"id":12833,"href":"https:\/\/planet27.eu\/index.php?rest_route=\/wp\/v2\/pages\/12043\/revisions\/12833"}],"up":[{"embeddable":true,"href":"https:\/\/planet27.eu\/index.php?rest_route=\/wp\/v2\/pages\/12471"}],"wp:attachment":[{"href":"https:\/\/planet27.eu\/index.php?rest_route=%2Fwp%2Fv2%2Fmedia&parent=12043"}],"curies":[{"name":"wp","href":"https:\/\/api.w.org\/{rel}","templated":true}]}}