{"id":11,"date":"2016-08-01T21:22:51","date_gmt":"2016-08-01T21:22:51","guid":{"rendered":"http:\/\/planet27.eu\/?page_id=11"},"modified":"2024-07-12T19:56:57","modified_gmt":"2024-07-12T16:56:57","slug":"ry","status":"publish","type":"page","link":"https:\/\/planet27.eu\/?page_id=11&lang=ru","title":{"rendered":"\u041a\u043e\u043d\u0442\u0430\u043a\u0442\u044b"},"content":{"rendered":"<p>Aleksei Serov -projektijuht, juhatuse liige, <strong>a<span style=\"font-size: 1em;\">leksei@planet27.eu<\/span><\/strong><\/p>\n<p>Svetlana Smirnova- juhatuse liige,&nbsp; <strong>svetlana@planet27.eu<\/strong><\/p>\n<p>Vladimir Suhorukov- koordinaator, vabat\u00e4htlik, <strong>v<span style=\"font-size: 1em;\">ladimir@planet27.eu<\/span><\/strong><\/p>\n<p>Olga Volkova -treener, kosultant, vabat\u00e4htlik, <strong><span style=\"font-size: 1em;\">olga@planet27.eu<\/span><\/strong><\/p>\n<p>MT\u00dc PLANET 27, Reg.\u2116:&nbsp; 80402283<br \/>\nEE372200221064643871<br \/>\nSWEDBANK,&nbsp; SWIFT kood\/BIC:&nbsp;HABAEE2X<\/p>\n<p>&nbsp;<\/p>\n","protected":false},"excerpt":{"rendered":"<p>Aleksei Serov -projektijuht, juhatuse liige, aleksei@planet27.eu Svetlana Smirnova- juhatuse liige,&nbsp; svetlana@planet27.eu Vladimir Suhorukov- koordinaator, vabat\u00e4htlik, vladimir@planet27.eu Olga Volkova -treener, kosultant, vabat\u00e4htlik, olga@planet27.eu MT\u00dc PLANET 27, Reg.\u2116:&nbsp; 80402283 EE372200221064643871 SWEDBANK,&nbsp; SWIFT kood\/BIC:&nbsp;HABAEE2X &nbsp;<\/p>\n","protected":false},"author":1,"featured_media":0,"parent":0,"menu_order":4,"comment_status":"closed","ping_status":"closed","template":"","meta":{"ngg_post_thumbnail":0,"footnotes":""},"_links":{"self":[{"href":"https:\/\/planet27.eu\/index.php?rest_route=\/wp\/v2\/pages\/11"}],"collection":[{"href":"https:\/\/planet27.eu\/index.php?rest_route=\/wp\/v2\/pages"}],"about":[{"href":"https:\/\/planet27.eu\/index.php?rest_route=\/wp\/v2\/types\/page"}],"author":[{"embeddable":true,"href":"https:\/\/planet27.eu\/index.php?rest_route=\/wp\/v2\/users\/1"}],"replies":[{"embeddable":true,"href":"https:\/\/planet27.eu\/index.php?rest_route=%2Fwp%2Fv2%2Fcomments&post=11"}],"version-history":[{"count":5,"href":"https:\/\/planet27.eu\/index.php?rest_route=\/wp\/v2\/pages\/11\/revisions"}],"predecessor-version":[{"id":12456,"href":"https:\/\/planet27.eu\/index.php?rest_route=\/wp\/v2\/pages\/11\/revisions\/12456"}],"wp:attachment":[{"href":"https:\/\/planet27.eu\/index.php?rest_route=%2Fwp%2Fv2%2Fmedia&parent=11"}],"curies":[{"name":"wp","href":"https:\/\/api.w.org\/{rel}","templated":true}]}}